{"id":824,"date":"2014-12-08T12:50:54","date_gmt":"2014-12-08T12:50:54","guid":{"rendered":"http:\/\/www.chambonsellerie.com\/?page_id=824"},"modified":"2020-07-22T08:32:48","modified_gmt":"2020-07-22T08:32:48","slug":"photos","status":"publish","type":"page","link":"http:\/\/www.chambonsellerie.com\/?page_id=824","title":{"rendered":"Galerie des r\u00e9alisations"},"content":{"rendered":"<p>LC4\u00a0 ngg_shortcode_0_placeholder<\/p>\n<p>Capote TOYOTA MR2\u00a0 ngg_shortcode_1_placeholder<\/p>\n<p>ASTON MARTIN \u00a0ngg_shortcode_2_placeholder<\/p>\n<p style=\"text-align: left;\">Capote TVR CHIMAERA\u00a0ngg_shortcode_3_placeholder<\/p>\n<p style=\"text-align: left;\">Fauteuils salle d&rsquo; attente ngg_shortcode_4_placeholder<\/p>\n<p style=\"text-align: left;\">Capote MG TF ngg_shortcode_5_placeholder<\/p>\n<p style=\"text-align: left;\">Capote MAZDA MX 5 ngg_shortcode_6_placeholder<\/p>\n<p style=\"text-align: left;\">Selle HARLEY DAVIDSON 1 \u00a0ngg_shortcode_7_placeholder<\/p>\n<p style=\"text-align: left;\">Capote JAGUAR XJS-C ngg_shortcode_8_placeholder<\/p>\n<p style=\"text-align: left;\">Capote BMW Z3\u00a0ngg_shortcode_9_placeholder<\/p>\n<p style=\"text-align: left;\">Capote MAZDA MX 5\u00a0ngg_shortcode_10_placeholder<\/p>\n<p style=\"text-align: left;\">LOUNGE Charles et Ray \u00a0EAMES\u00a0ngg_shortcode_11_placeholder<\/p>\n<p style=\"text-align: left;\">Selle AJS 7R de 1954\u00a0ngg_shortcode_12_placeholder<\/p>\n<p style=\"text-align: left;\">Selle HD Electra Glide ngg_shortcode_13_placeholder<\/p>\n<p style=\"text-align: left;\">Si\u00e8ge de dentiste 2ngg_shortcode_14_placeholder<\/p>\n<p style=\"text-align: left;\">Si\u00e8ge de dentiste 1ngg_shortcode_15_placeholder<\/p>\n<p style=\"text-align: left;\">Cokpit de bateau\u00a0ngg_shortcode_16_placeholder<\/p>\n<p style=\"text-align: left;\">Changement lunette SMART\u00a0ngg_shortcode_17_placeholder<\/p>\n<p style=\"text-align: left;\">Canap\u00e9 salle d&rsquo;attente enfant\u00a0ngg_shortcode_18_placeholder<\/p>\n<p style=\"text-align: left;\">Capote AUDI A4 ngg_shortcode_19_placeholder<\/p>\n<p style=\"text-align: left;\">Capote PORSCHE 911\/993 ngg_shortcode_20_placeholder<\/p>\n<p style=\"text-align: left;\">Capote PORSCHE 911\/996 ngg_shortcode_21_placeholder<\/p>\n<p style=\"text-align: left;\">Toit PORSCHE 911 TARGA ngg_shortcode_22_placeholder<\/p>\n<p style=\"text-align: left;\">Capote MINI ONE ngg_shortcode_23_placeholder<\/p>\n<p style=\"text-align: left;\">Capote ALPHA ROMEO SPIDER ngg_shortcode_24_placeholder<\/p>\n<p style=\"text-align: left;\">Capote FIAT 500\u00a0ngg_shortcode_25_placeholder<\/p>\n<p style=\"text-align: left;\">Capote VW NEW BEETLE ngg_shortcode_26_placeholder<\/p>\n<p style=\"text-align: left;\">Tables et Fauteuils de soins ngg_shortcode_27_placeholder<\/p>\n<p style=\"text-align: left;\">B\u00e2che de protection ngg_shortcode_28_placeholder<\/p>\n<p style=\"text-align: left;\">Nautique ngg_shortcode_29_placeholder<\/p>\n<p style=\"text-align: left;\">Selles HARLEY DAVIDSON ngg_shortcode_30_placeholder<\/p>\n<p style=\"text-align: left;\">Selle MV AGUSTA ngg_shortcode_31_placeholder<\/p>\n<p style=\"text-align: left;\">Selle HD avec Cristallisation SWAROWSKI ngg_shortcode_32_placeholder<\/p>\n<p style=\"text-align: left;\">Selles HD avec LED int\u00e9gr\u00e9s D\u00e9monstration ngg_shortcode_33_placeholder<\/p>\n<p style=\"text-align: left;\">Selles de motos ngg_shortcode_34_placeholder<\/p>\n<p style=\"text-align: left;\">Canap\u00e9 cuir blanc ngg_shortcode_35_placeholder<\/p>\n<p style=\"text-align: left;\">Canap\u00e9 en tissu bayad\u00e8re\u00a0 ngg_shortcode_36_placeholder<\/p>\n<p style=\"text-align: left;\">Canap\u00e9 de salle d&rsquo;attente en TEP STAMSKIN TOP noir ngg_shortcode_37_placeholder<\/p>\n<p style=\"text-align: left;\">Ameublement\u00a0ngg_shortcode_38_placeholder<\/p>\n<p style=\"text-align: left;\">PORSCHE 911\/964 Moquette ngg_shortcode_39_placeholder<\/p>\n<p style=\"text-align: left;\">FIAT 500 \u00a0Si\u00e8ges et panneaux de portengg_shortcode_40_placeholder<\/p>\n<p style=\"text-align: left;\">JAGUAR MKII Si\u00e8ges avant et console centrale\u00a0ngg_shortcode_41_placeholder<\/p>\n<p style=\"text-align: left;\">CHRYSLER CROSSFIRE Ciel de toit\u00a0ngg_shortcode_42_placeholder<\/p>\n<p style=\"text-align: left;\">BUGATTI Type 57ngg_shortcode_43_placeholder<\/p>\n","protected":false},"excerpt":{"rendered":"<p>LC4\u00a0 Capote TOYOTA MR2\u00a0 ASTON MARTIN \u00a0 Capote TVR CHIMAERA\u00a0 Fauteuils salle d&rsquo; attente Capote MG TF Capote MAZDA MX 5 Selle HARLEY DAVIDSON 1 \u00a0 Capote JAGUAR XJS-C Capote BMW Z3\u00a0 Capote MAZDA MX 5\u00a0 LOUNGE Charles et Ray \u00a0EAMES\u00a0 Selle AJS 7R de 1954\u00a0 Selle HD Electra Glide Si\u00e8ge de dentiste 2 Si\u00e8ge&#8230;<\/p>\n","protected":false},"author":4,"featured_media":0,"parent":0,"menu_order":9,"comment_status":"closed","ping_status":"open","template":"","meta":{"ngg_post_thumbnail":0,"footnotes":""},"_links":{"self":[{"href":"http:\/\/www.chambonsellerie.com\/index.php?rest_route=\/wp\/v2\/pages\/824"}],"collection":[{"href":"http:\/\/www.chambonsellerie.com\/index.php?rest_route=\/wp\/v2\/pages"}],"about":[{"href":"http:\/\/www.chambonsellerie.com\/index.php?rest_route=\/wp\/v2\/types\/page"}],"author":[{"embeddable":true,"href":"http:\/\/www.chambonsellerie.com\/index.php?rest_route=\/wp\/v2\/users\/4"}],"replies":[{"embeddable":true,"href":"http:\/\/www.chambonsellerie.com\/index.php?rest_route=%2Fwp%2Fv2%2Fcomments&post=824"}],"version-history":[{"count":0,"href":"http:\/\/www.chambonsellerie.com\/index.php?rest_route=\/wp\/v2\/pages\/824\/revisions"}],"wp:attachment":[{"href":"http:\/\/www.chambonsellerie.com\/index.php?rest_route=%2Fwp%2Fv2%2Fmedia&parent=824"}],"curies":[{"name":"wp","href":"https:\/\/api.w.org\/{rel}","templated":true}]}}